{"id":2,"date":"2022-09-26T13:22:09","date_gmt":"2022-09-26T13:22:09","guid":{"rendered":"http:\/\/bycembo.com\/?page_id=2"},"modified":"2022-10-15T21:20:58","modified_gmt":"2022-10-15T18:20:58","slug":"sample-page","status":"publish","type":"page","link":"https:\/\/bycembo.com\/","title":{"rendered":"Ben kimim"},"content":{"rendered":"\n<p>Kendi \u00e7ap\u0131nda foto\u011fraf \u00e7eken emekli bir adam\u0131m. Kesinlikle ama kesinlikle profesyonel de\u011filim. Foto\u011fraf sanat\u00e7\u0131s\u0131 hi\u00e7 de\u011filim. Bu siteyi de s\u0131rf kendi keyfim i\u00e7in kurdum.<\/p>\n\n\n\n<p>30 y\u0131l sonra tekrar foto\u011fraf \u00e7ekmeye karar veri\u015fimin hikayesi ise a\u015fa\u011f\u0131da :<\/p>\n\n\n\n<p>2021 Mart ay\u0131nda bir g\u00fcn notere vekalet vermek i\u00e7in gittim. Noter do\u011fal olarak vesikal\u0131k foto\u011fraf istedi. Bu vesikal\u0131k laf\u0131na da ayr\u0131ca hasta olurum. Akranlar\u0131m ne demek istedi\u011fimi gayet iyi anlad\u0131. Neyse k\u0131sa keselim hikayeyi. Foto\u011fraf\u00e7\u0131ya gittim. O da ne caml\u0131 tezgah\u0131n alt\u0131nda negatif filmler duruyor. Kutu kutu hem de. Sordum hala negatif var m\u0131 diye. Evde bir tane antika Zenit 12XP ile Helios 200mm lens var. Hemen hayata ge\u00e7irelim dedik. Foto\u011fraf\u00e7\u0131 evet var dedi. Fiyat\u0131n\u0131 sordum. 170 TL 36l\u0131k negatif. Banyo bask\u0131 dahil. Kafadan k\u0131sa bir hesap yapt\u0131m. E\u011fer eskisi gibi \u00e7ekersem ayda en az 3400 TL para \u00e7\u0131kacak cebimden. Dur dedim bir de digital kamera fiyatlar\u0131na bakay\u0131m.<\/p>\n\n\n\n<p>\u00d6nce bir tane Canon 550D ald\u0131m. Baya\u011f\u0131 da g\u00fczel kaz\u0131kland\u0131m. 18-50 ve 75-300 lensim var. Sonra <a href=\"https:\/\/www.instagram.com\/derdayusa\/\" target=\"_blank\" rel=\"noreferrer noopener\"><mark style=\"background-color:#ffffff\" class=\"has-inline-color has-black-color\">Derdayu\u015fa<\/mark><\/a> ile tan\u0131\u015ft\u0131m bir g\u00fcn Pendik sahilde. Onda da Canon 7d var ve lens olarak da Sigma 70-300 DG kullan\u0131yor. Benim body ile bir foto\u011fraf\u0131m\u0131 \u00e7ekti. Renkler, keskinlik inan\u0131lmaz. Dedim bu lensi almam laz\u0131m. <a rel=\"noreferrer noopener\" href=\"https:\/\/www.instagram.com\/simgefoto1\/\" target=\"_blank\"><mark style=\"background-color:#ffffff\" class=\"has-inline-color has-black-color\">\u015eener<\/mark><\/a> ile tan\u0131\u015ft\u0131m Sigma 70-300 pe\u015fine d\u00fc\u015f\u00fcnce. Hadi onu da ald\u0131k.<\/p>\n\n\n\n<p>Deli gibi \u00e7ekiyorum. Ama hep bir bir \u015fey eksik g\u00f6z\u00fck\u00fcyor g\u00f6z\u00fcme. Neyse biraz google teyze ile muhabbet ettikten sonra <a rel=\"noreferrer noopener\" href=\"https:\/\/www.hayyamfoto.com.tr\/\" target=\"_blank\"><mark style=\"background-color:#ffffff\" class=\"has-inline-color has-black-color\">Hayyam Foto Teknik<\/mark><\/a> ad\u0131nda bir firmaya ula\u015ft\u0131m. Sahibi <a rel=\"noreferrer noopener\" href=\"https:\/\/www.instagram.com\/cemilovuc_hayyamfototeknik\/\" target=\"_blank\"><mark style=\"background-color:#ffffff\" class=\"has-inline-color has-black-color\">Cemil \u00d6v\u00fc\u00e7<\/mark><\/a>. Malum s\u00f6zl\u00fckte bile hakk\u0131nda k\u00f6t\u00fc bir s\u00f6z yok. Atlad\u0131m gittim yan\u0131na. Me\u011fer benim ayna da sens\u00f6r de viz\u00f6r de le\u015f gibi kirliymi\u015f. Ufak bir bak\u0131m temizlik sonras\u0131 \u00e7ekimler toparland\u0131.<\/p>\n\n\n\n<p>Ma\u011farada foto\u011fraf \u00e7ekmeyi \u00f6\u011frendi\u011fim i\u00e7in genelde g\u00fcnd\u00fcz \u00e7ekimlerim berbatt\u0131r. \u00c7o\u011funlukla gece ve uzun pozlama ile \u00e7ekerim. B Dura\u011f\u0131 sava\u015f\u00e7\u0131lar\u0131ndan\u0131m yani. Doku, manzara, da\u011f, ta\u015f toprak \u00e7ekerim. Kolay kolay insan \u00e7ekmem.<\/p>\n\n\n\n<p>Sadece bir yak\u0131n dostum var, onun bak\u0131\u015f\u0131 ve g\u00f6r\u00fc\u015f\u00fc benden \u00e7ok daha iyi. Bir tek o bana modellik ve g\u00f6r\u00fcnt\u00fc y\u00f6netmenli\u011fi yapar. Sevgili <a rel=\"noreferrer noopener\" href=\"https:\/\/www.instagram.com\/arzu_gulerrr\/\" target=\"_blank\"><mark style=\"background-color:#ffffff\" class=\"has-inline-color has-black-color\">Arzu<\/mark><\/a> sana da binlerce te\u015fekk\u00fcr buradan. Benim gibi bir huysuza modellik yapt\u0131\u011f\u0131n i\u00e7in.<\/p>\n\n\n\n<p>K\u0131saca bu maceraya giri\u015fince \u00e7ok g\u00fczel insanlar tan\u0131maya ba\u015flad\u0131m. <a rel=\"noreferrer noopener\" href=\"https:\/\/www.instagram.com\/diegocoffeestreetfoods\/\" target=\"_blank\"><mark style=\"background-color:#ffffff\" class=\"has-inline-color has-black-color\">Diego Cafe<\/mark><\/a>&#8216;den Haluk gibi.<\/p>\n\n\n\n<p>Ard\u0131ndan bir tane Canon 7D edindim. 10-22 ve 17-85 lens ile beraber. O da kesmedi ikinci bir 7D daha ald\u0131m. Deli k\u0131z\u0131n \u00e7eyizi misali. Sebebine gelince. Bir g\u00fcn sahilde lens de\u011fi\u015ftirirken makinan\u0131n i\u00e7ine kum ka\u00e7\u0131yordu az kals\u0131n. O y\u00fczden iki body \u00fczerinde farkl\u0131 iki lens kullan\u0131yorum. Body ayarlar\u0131 da \u00fczerlerinde ki lenslere g\u00f6re. B\u00f6ylece hem ayar de\u011fi\u015fikli\u011fi ile zaman kaybetmiyorum hem de sens\u00f6r ayna ve perde mekanizmas\u0131 temiz kal\u0131yor. Son olarak Canon 70-200 f4 IS USM de geldi. Tabi nifty fifty yi de unutmamak laz\u0131m.<\/p>\n\n\n\n<p>K\u0131saca tekrar sahalara d\u00f6n\u00fc\u015f\u00fcm\u00fcn hikayesi bu.<\/p>\n\n\n\n<p><\/p>\n","protected":false},"excerpt":{"rendered":"<p>Kendi \u00e7ap\u0131nda foto\u011fraf \u00e7eken emekli bir adam\u0131m. Kesinlikle ama kesinlikle profesyonel de\u011filim. Foto\u011fraf sanat\u00e7\u0131s\u0131 hi\u00e7 de\u011filim. Bu siteyi de s\u0131rf &hellip; <a href=\"https:\/\/bycembo.com\/\" class=\"more-link\"><span class=\"more-button\">Continue Reading<span class=\"screen-reader-text\">Ben kimim<\/span><\/span><\/a><\/p>\n","protected":false},"author":1,"featured_media":0,"parent":0,"menu_order":0,"comment_status":"closed","ping_status":"open","template":"","meta":{"footnotes":""},"class_list":["post-2","page","type-page","status-publish","hentry"],"_links":{"self":[{"href":"https:\/\/bycembo.com\/index.php\/wp-json\/wp\/v2\/pages\/2","targetHints":{"allow":["GET"]}}],"collection":[{"href":"https:\/\/bycembo.com\/index.php\/wp-json\/wp\/v2\/pages"}],"about":[{"href":"https:\/\/bycembo.com\/index.php\/wp-json\/wp\/v2\/types\/page"}],"author":[{"embeddable":true,"href":"https:\/\/bycembo.com\/index.php\/wp-json\/wp\/v2\/users\/1"}],"replies":[{"embeddable":true,"href":"https:\/\/bycembo.com\/index.php\/wp-json\/wp\/v2\/comments?post=2"}],"version-history":[{"count":31,"href":"https:\/\/bycembo.com\/index.php\/wp-json\/wp\/v2\/pages\/2\/revisions"}],"predecessor-version":[{"id":575,"href":"https:\/\/bycembo.com\/index.php\/wp-json\/wp\/v2\/pages\/2\/revisions\/575"}],"wp:attachment":[{"href":"https:\/\/bycembo.com\/index.php\/wp-json\/wp\/v2\/media?parent=2"}],"curies":[{"name":"wp","href":"https:\/\/api.w.org\/{rel}","templated":true}]}}